{"id":18,"date":"2023-06-01T09:47:35","date_gmt":"2023-06-01T09:47:35","guid":{"rendered":"http:\/\/tortugas.mi-br.de\/?page_id=18"},"modified":"2024-01-13T06:18:32","modified_gmt":"2024-01-13T06:18:32","slug":"impressum","status":"publish","type":"page","link":"https:\/\/tortugas.mi-br.de\/?page_id=18","title":{"rendered":"Impressum"},"content":{"rendered":"\n<h3 class=\"wp-block-heading\"><strong><a href=\"http:\/\/tortugas.mi-br.de\/\">tortugas.mi-br.de<\/a><\/strong><\/h3>\n\n\n\n<p>Michael Brunner<\/p>\n\n\n\n<p>Pl\u00f6\u00dfberg 77<\/p>\n\n\n\n<p>95605 Immenreuth<\/p>\n\n\n\n<h3 class=\"wp-block-heading\"><strong>Haftungsausschluss<\/strong><\/h3>\n\n\n\n<h3 class=\"wp-block-heading\">Haftung f\u00fcr Inhalt<\/h3>\n\n\n\n<p>F\u00fcr Inhalte&nbsp;auf&nbsp;unserern&nbsp;Seiten&nbsp;besteht kein Anspruch auf&nbsp;Vollst\u00e4ndigkeit, Aktualit\u00e4t&nbsp;und Fehlerfreiheit. Nach \u00a7\u00a7 8 ff TMG sind wir nicht verpflichtet, \u00fcbermittelte oder gespeicherte fremde Informationen zu \u00fcberwachen oder nach Umst\u00e4nden zu forschen, die auf eine rechtswidrige T\u00e4tigkeit hinweisen. Bei Bekanntwerden von Rechtsverletzungen werden wir entsprechende Inhalte umgehend entfernen.<\/p>\n\n\n\n<h3 class=\"wp-block-heading\">Haftung f\u00fcr Links<\/h3>\n\n\n\n<p>Auf Links zu externen Webseiten&nbsp;haben&nbsp;wir keinen Einfluss&nbsp;und&nbsp;k\u00f6nnen f\u00fcr diese Inhalte keine Gew\u00e4hr \u00fcbernehmen. F\u00fcr die Inhalte der verlinkten Seiten ist stets der jeweilige Anbieter oder Betreiber der Seiten verantwortlich. Rechtswidrige Inhalte waren zum Zeitpunkt der Verlinkung&nbsp;weder&nbsp;bekannt noch erkennbar.&nbsp;Sobald&nbsp;Rechtsverletzungen&nbsp;bei&nbsp;derartige Links&nbsp;erkannt oder gemeldet werden, erfolgt die Entfernung aus unserer Homepage.<\/p>\n\n\n\n<p>Die Vervielf\u00e4ltigung, Bearbeitung, Verbreitung und jede Art der Verwertung&nbsp;der Inhalte unserer Internetseite&nbsp;sind ausnahmslos untersagt. Beitr\u00e4ge&nbsp;aus&nbsp;dieser Seite sind nur f\u00fcr den privaten, nicht kommerziellen Gebrauch gestattet. Soweit die Inhalte auf dieser Seite nicht vom Betreiber erstellt&nbsp;sind,&nbsp;werden&nbsp;die Urheberrechte Dritter beachtet. Sollten Sie trotzdem auf eine Urheberrechtsverletzung aufmerksam werden, bitten wir um einen entsprechenden Hinweis. Bei Bekanntwerden von Rechtsverletzungen werden wir derartige Inhalte umgehend entfernen.<\/p>\n\n\n\n<h3 class=\"wp-block-heading\">Haftung f\u00fcr Nutzung<\/h3>\n\n\n\n<p>Nutzung unserer Webseite ist in der Regel ohne Angabe personenbezogener Daten m\u00f6glich. Soweit auf unseren Seiten personenbezogene Daten (beispielsweise Name, Anschrift oder eMail-Adressen) erhoben werden, erfolgt dies, soweit m\u00f6glich, stets auf freiwilliger Basis. Diese Daten werden ohne Ihre ausdr\u00fcckliche Zustimmung nicht an Dritte weitergegeben.<\/p>\n\n\n\n<p>Wir weisen darauf hin, dass Daten\u00fcbertragungen im Internet Sicherheitsl\u00fccken aufweisen k\u00f6nnen. Ein l\u00fcckenloser Schutz der Daten vor dem Zugriff durch Dritte ist nicht m\u00f6glich.<\/p>\n\n\n\n<p>F\u00fcr weitere Informatiomem stehen wir gerne unter v.g. Kontaktdaten zur Verf\u00fcgung<\/p>\n","protected":false},"excerpt":{"rendered":"<p>tortugas.mi-br.de Michael Brunner Pl\u00f6\u00dfberg 77 95605 Immenreuth Haftungsausschluss Haftung f\u00fcr Inhalt F\u00fcr Inhalte&nbsp;auf&nbsp;unserern&nbsp;Seiten&nbsp;besteht kein Anspruch auf&nbsp;Vollst\u00e4ndigkeit, Aktualit\u00e4t&nbsp;und Fehlerfreiheit. Nach \u00a7\u00a7 8 ff TMG sind wir [&hellip;]<\/p>\n","protected":false},"author":1,"featured_media":0,"parent":0,"menu_order":0,"comment_status":"closed","ping_status":"closed","template":"","meta":{"footnotes":""},"class_list":["post-18","page","type-page","status-publish","hentry"],"_links":{"self":[{"href":"https:\/\/tortugas.mi-br.de\/index.php?rest_route=\/wp\/v2\/pages\/18","targetHints":{"allow":["GET"]}}],"collection":[{"href":"https:\/\/tortugas.mi-br.de\/index.php?rest_route=\/wp\/v2\/pages"}],"about":[{"href":"https:\/\/tortugas.mi-br.de\/index.php?rest_route=\/wp\/v2\/types\/page"}],"author":[{"embeddable":true,"href":"https:\/\/tortugas.mi-br.de\/index.php?rest_route=\/wp\/v2\/users\/1"}],"replies":[{"embeddable":true,"href":"https:\/\/tortugas.mi-br.de\/index.php?rest_route=%2Fwp%2Fv2%2Fcomments&post=18"}],"version-history":[{"count":3,"href":"https:\/\/tortugas.mi-br.de\/index.php?rest_route=\/wp\/v2\/pages\/18\/revisions"}],"predecessor-version":[{"id":224,"href":"https:\/\/tortugas.mi-br.de\/index.php?rest_route=\/wp\/v2\/pages\/18\/revisions\/224"}],"wp:attachment":[{"href":"https:\/\/tortugas.mi-br.de\/index.php?rest_route=%2Fwp%2Fv2%2Fmedia&parent=18"}],"curies":[{"name":"wp","href":"https:\/\/api.w.org\/{rel}","templated":true}]}}